{"id":6,"date":"2020-12-24T17:18:33","date_gmt":"2020-12-24T17:18:33","guid":{"rendered":"https:\/\/glops.ee\/ertravesia\/?page_id=6"},"modified":"2023-04-12T20:11:29","modified_gmt":"2023-04-12T18:11:29","slug":"contact","status":"publish","type":"page","link":"https:\/\/glops.ee\/wps\/ertravesia\/?page_id=6","title":{"rendered":"Contacto"},"content":{"rendered":"\n<p><strong>GLOBALSPARK O\u00dc<\/strong><\/p>\n\n\n\n<p>Pudisoo k\u00fcla, M\u00e4nnim\u00e4e<br>Kuusalu vald<br>74626<br>Estonia<\/p>\n\n\n\n<p>+372 8159 7450<\/p>\n\n\n\n<p><a href=\"http:\/\/glops.ee\/ertravesia\" target=\"_blank\" rel=\"noreferrer noopener\">glops.ee\/ertravesia<\/a> \u2013 <a href=\"mailto:info@glops.ee\" target=\"_blank\" rel=\"noreferrer noopener\">info@glops.ee<\/a><\/p>\n","protected":false},"excerpt":{"rendered":"<p>GLOBALSPARK O\u00dc Pudisoo k\u00fcla, M\u00e4nnim\u00e4eKuusalu vald74626Estonia +372 8159 7450 glops.ee\/ertravesia \u2013 info@glops.ee<\/p>\n","protected":false},"author":1,"featured_media":0,"parent":0,"menu_order":0,"comment_status":"closed","ping_status":"closed","template":"","meta":{"om_disable_all_campaigns":false,"_monsterinsights_skip_tracking":false,"_monsterinsights_sitenote_active":false,"_monsterinsights_sitenote_note":"","_monsterinsights_sitenote_category":0,"footnotes":""},"class_list":["post-6","page","type-page","status-publish","hentry","entry"],"yoast_head":"<!-- This site is optimized with the Yoast SEO plugin v27.5 - https:\/\/yoast.com\/product\/yoast-seo-wordpress\/ -->\n<title>Contacto - e-Residency mi traves\u00eda<\/title>\n<meta name=\"robots\" content=\"index, follow, max-snippet:-1, max-image-preview:large, max-video-preview:-1\" \/>\n<link rel=\"canonical\" href=\"https:\/\/glops.ee\/wps\/ertravesia\/?page_id=6\" \/>\n<meta property=\"og:locale\" content=\"es_ES\" \/>\n<meta property=\"og:type\" content=\"article\" \/>\n<meta property=\"og:title\" content=\"Contacto - e-Residency mi traves\u00eda\" \/>\n<meta property=\"og:description\" content=\"GLOBALSPARK O\u00dc Pudisoo k\u00fcla, M\u00e4nnim\u00e4eKuusalu vald74626Estonia +372 8159 7450 glops.ee\/ertravesia \u2013 info@glops.ee\" \/>\n<meta property=\"og:url\" content=\"https:\/\/glops.ee\/wps\/ertravesia\/?page_id=6\" \/>\n<meta property=\"og:site_name\" content=\"e-Residency mi traves\u00eda\" \/>\n<meta property=\"article:modified_time\" content=\"2023-04-12T18:11:29+00:00\" \/>\n<meta name=\"twitter:card\" content=\"summary_large_image\" \/>\n<meta name=\"twitter:label1\" content=\"Tiempo de lectura\" \/>\n\t<meta name=\"twitter:data1\" content=\"1 minuto\" \/>\n<script type=\"application\/ld+json\" class=\"yoast-schema-graph\">{\"@context\":\"https:\\\/\\\/schema.org\",\"@graph\":[{\"@type\":\"WebPage\",\"@id\":\"https:\\\/\\\/glops.ee\\\/wps\\\/ertravesia\\\/?page_id=6\",\"url\":\"https:\\\/\\\/glops.ee\\\/wps\\\/ertravesia\\\/?page_id=6\",\"name\":\"Contacto - e-Residency mi traves\u00eda\",\"isPartOf\":{\"@id\":\"https:\\\/\\\/glops.ee\\\/wps\\\/ertravesia\\\/#website\"},\"datePublished\":\"2020-12-24T17:18:33+00:00\",\"dateModified\":\"2023-04-12T18:11:29+00:00\",\"breadcrumb\":{\"@id\":\"https:\\\/\\\/glops.ee\\\/wps\\\/ertravesia\\\/?page_id=6#breadcrumb\"},\"inLanguage\":\"es\",\"potentialAction\":[{\"@type\":\"ReadAction\",\"target\":[\"https:\\\/\\\/glops.ee\\\/wps\\\/ertravesia\\\/?page_id=6\"]}]},{\"@type\":\"BreadcrumbList\",\"@id\":\"https:\\\/\\\/glops.ee\\\/wps\\\/ertravesia\\\/?page_id=6#breadcrumb\",\"itemListElement\":[{\"@type\":\"ListItem\",\"position\":1,\"name\":\"Home\",\"item\":\"https:\\\/\\\/glops.ee\\\/wps\\\/ertravesia\"},{\"@type\":\"ListItem\",\"position\":2,\"name\":\"Contacto\"}]},{\"@type\":\"WebSite\",\"@id\":\"https:\\\/\\\/glops.ee\\\/wps\\\/ertravesia\\\/#website\",\"url\":\"https:\\\/\\\/glops.ee\\\/wps\\\/ertravesia\\\/\",\"name\":\"e-Residency mi traves\u00eda\",\"description\":\"Sigue mi traves\u00eda\",\"potentialAction\":[{\"@type\":\"SearchAction\",\"target\":{\"@type\":\"EntryPoint\",\"urlTemplate\":\"https:\\\/\\\/glops.ee\\\/wps\\\/ertravesia\\\/?s={search_term_string}\"},\"query-input\":{\"@type\":\"PropertyValueSpecification\",\"valueRequired\":true,\"valueName\":\"search_term_string\"}}],\"inLanguage\":\"es\"}]}<\/script>\n<!-- \/ Yoast SEO plugin. -->","yoast_head_json":{"title":"Contacto - e-Residency mi traves\u00eda","robots":{"index":"index","follow":"follow","max-snippet":"max-snippet:-1","max-image-preview":"max-image-preview:large","max-video-preview":"max-video-preview:-1"},"canonical":"https:\/\/glops.ee\/wps\/ertravesia\/?page_id=6","og_locale":"es_ES","og_type":"article","og_title":"Contacto - e-Residency mi traves\u00eda","og_description":"GLOBALSPARK O\u00dc Pudisoo k\u00fcla, M\u00e4nnim\u00e4eKuusalu vald74626Estonia +372 8159 7450 glops.ee\/ertravesia \u2013 info@glops.ee","og_url":"https:\/\/glops.ee\/wps\/ertravesia\/?page_id=6","og_site_name":"e-Residency mi traves\u00eda","article_modified_time":"2023-04-12T18:11:29+00:00","twitter_card":"summary_large_image","twitter_misc":{"Tiempo de lectura":"1 minuto"},"schema":{"@context":"https:\/\/schema.org","@graph":[{"@type":"WebPage","@id":"https:\/\/glops.ee\/wps\/ertravesia\/?page_id=6","url":"https:\/\/glops.ee\/wps\/ertravesia\/?page_id=6","name":"Contacto - e-Residency mi traves\u00eda","isPartOf":{"@id":"https:\/\/glops.ee\/wps\/ertravesia\/#website"},"datePublished":"2020-12-24T17:18:33+00:00","dateModified":"2023-04-12T18:11:29+00:00","breadcrumb":{"@id":"https:\/\/glops.ee\/wps\/ertravesia\/?page_id=6#breadcrumb"},"inLanguage":"es","potentialAction":[{"@type":"ReadAction","target":["https:\/\/glops.ee\/wps\/ertravesia\/?page_id=6"]}]},{"@type":"BreadcrumbList","@id":"https:\/\/glops.ee\/wps\/ertravesia\/?page_id=6#breadcrumb","itemListElement":[{"@type":"ListItem","position":1,"name":"Home","item":"https:\/\/glops.ee\/wps\/ertravesia"},{"@type":"ListItem","position":2,"name":"Contacto"}]},{"@type":"WebSite","@id":"https:\/\/glops.ee\/wps\/ertravesia\/#website","url":"https:\/\/glops.ee\/wps\/ertravesia\/","name":"e-Residency mi traves\u00eda","description":"Sigue mi traves\u00eda","potentialAction":[{"@type":"SearchAction","target":{"@type":"EntryPoint","urlTemplate":"https:\/\/glops.ee\/wps\/ertravesia\/?s={search_term_string}"},"query-input":{"@type":"PropertyValueSpecification","valueRequired":true,"valueName":"search_term_string"}}],"inLanguage":"es"}]}},"jetpack_sharing_enabled":true,"amp_enabled":true,"_links":{"self":[{"href":"https:\/\/glops.ee\/wps\/ertravesia\/index.php?rest_route=\/wp\/v2\/pages\/6","targetHints":{"allow":["GET"]}}],"collection":[{"href":"https:\/\/glops.ee\/wps\/ertravesia\/index.php?rest_route=\/wp\/v2\/pages"}],"about":[{"href":"https:\/\/glops.ee\/wps\/ertravesia\/index.php?rest_route=\/wp\/v2\/types\/page"}],"author":[{"embeddable":true,"href":"https:\/\/glops.ee\/wps\/ertravesia\/index.php?rest_route=\/wp\/v2\/users\/1"}],"replies":[{"embeddable":true,"href":"https:\/\/glops.ee\/wps\/ertravesia\/index.php?rest_route=%2Fwp%2Fv2%2Fcomments&post=6"}],"version-history":[{"count":4,"href":"https:\/\/glops.ee\/wps\/ertravesia\/index.php?rest_route=\/wp\/v2\/pages\/6\/revisions"}],"predecessor-version":[{"id":174,"href":"https:\/\/glops.ee\/wps\/ertravesia\/index.php?rest_route=\/wp\/v2\/pages\/6\/revisions\/174"}],"wp:attachment":[{"href":"https:\/\/glops.ee\/wps\/ertravesia\/index.php?rest_route=%2Fwp%2Fv2%2Fmedia&parent=6"}],"curies":[{"name":"wp","href":"https:\/\/api.w.org\/{rel}","templated":true}]}}