{"id":5,"date":"2020-12-24T17:18:33","date_gmt":"2020-12-24T17:18:33","guid":{"rendered":"https:\/\/glops.ee\/ertravesia\/?page_id=5"},"modified":"2020-12-24T17:31:31","modified_gmt":"2020-12-24T17:31:31","slug":"about","status":"publish","type":"page","link":"https:\/\/glops.ee\/wps\/ertravesia\/?page_id=5","title":{"rendered":"Acerca de"},"content":{"rendered":"\n<p>Soy e-Resident desde diciembre de 2019.<\/p>\n\n\n\n<p>Mi traves\u00eda empez\u00f3 unos meses antes. Aqu\u00ed os contar\u00e9 mis propias experienc\u00edas, problemas, logros, &#8230; relacionados con la e-Residency y la gesti\u00f3n remota de empresas.<\/p>\n","protected":false},"excerpt":{"rendered":"<p>Soy e-Resident desde diciembre de 2019. Mi traves\u00eda empez\u00f3 unos meses antes. Aqu\u00ed os contar\u00e9 mis propias experienc\u00edas, problemas, logros, &#8230; relacionados con la e-Residency y la gesti\u00f3n remota de empresas.<\/p>\n","protected":false},"author":1,"featured_media":0,"parent":0,"menu_order":0,"comment_status":"closed","ping_status":"closed","template":"","meta":{"om_disable_all_campaigns":false,"_monsterinsights_skip_tracking":false,"_monsterinsights_sitenote_active":false,"_monsterinsights_sitenote_note":"","_monsterinsights_sitenote_category":0,"footnotes":""},"class_list":["post-5","page","type-page","status-publish","hentry","entry"],"yoast_head":"<!-- This site is optimized with the Yoast SEO plugin v27.4 - https:\/\/yoast.com\/product\/yoast-seo-wordpress\/ -->\n<title>Acerca de - e-Residency mi traves\u00eda<\/title>\n<meta name=\"robots\" content=\"index, follow, max-snippet:-1, max-image-preview:large, max-video-preview:-1\" \/>\n<link rel=\"canonical\" href=\"https:\/\/glops.ee\/wps\/ertravesia\/?page_id=5\" \/>\n<meta property=\"og:locale\" content=\"es_ES\" \/>\n<meta property=\"og:type\" content=\"article\" \/>\n<meta property=\"og:title\" content=\"Acerca de - e-Residency mi traves\u00eda\" \/>\n<meta property=\"og:description\" content=\"Soy e-Resident desde diciembre de 2019. Mi traves\u00eda empez\u00f3 unos meses antes. Aqu\u00ed os contar\u00e9 mis propias experienc\u00edas, problemas, logros, &#8230; relacionados con la e-Residency y la gesti\u00f3n remota de empresas.\" \/>\n<meta property=\"og:url\" content=\"https:\/\/glops.ee\/wps\/ertravesia\/?page_id=5\" \/>\n<meta property=\"og:site_name\" content=\"e-Residency mi traves\u00eda\" \/>\n<meta property=\"article:modified_time\" content=\"2020-12-24T17:31:31+00:00\" \/>\n<meta name=\"twitter:card\" content=\"summary_large_image\" \/>\n<script type=\"application\/ld+json\" class=\"yoast-schema-graph\">{\"@context\":\"https:\\\/\\\/schema.org\",\"@graph\":[{\"@type\":\"WebPage\",\"@id\":\"https:\\\/\\\/glops.ee\\\/wps\\\/ertravesia\\\/?page_id=5\",\"url\":\"https:\\\/\\\/glops.ee\\\/wps\\\/ertravesia\\\/?page_id=5\",\"name\":\"Acerca de - e-Residency mi traves\u00eda\",\"isPartOf\":{\"@id\":\"https:\\\/\\\/glops.ee\\\/wps\\\/ertravesia\\\/#website\"},\"datePublished\":\"2020-12-24T17:18:33+00:00\",\"dateModified\":\"2020-12-24T17:31:31+00:00\",\"breadcrumb\":{\"@id\":\"https:\\\/\\\/glops.ee\\\/wps\\\/ertravesia\\\/?page_id=5#breadcrumb\"},\"inLanguage\":\"es\",\"potentialAction\":[{\"@type\":\"ReadAction\",\"target\":[\"https:\\\/\\\/glops.ee\\\/wps\\\/ertravesia\\\/?page_id=5\"]}]},{\"@type\":\"BreadcrumbList\",\"@id\":\"https:\\\/\\\/glops.ee\\\/wps\\\/ertravesia\\\/?page_id=5#breadcrumb\",\"itemListElement\":[{\"@type\":\"ListItem\",\"position\":1,\"name\":\"Home\",\"item\":\"https:\\\/\\\/glops.ee\\\/wps\\\/ertravesia\"},{\"@type\":\"ListItem\",\"position\":2,\"name\":\"Acerca de\"}]},{\"@type\":\"WebSite\",\"@id\":\"https:\\\/\\\/glops.ee\\\/wps\\\/ertravesia\\\/#website\",\"url\":\"https:\\\/\\\/glops.ee\\\/wps\\\/ertravesia\\\/\",\"name\":\"e-Residency mi traves\u00eda\",\"description\":\"Sigue mi traves\u00eda\",\"potentialAction\":[{\"@type\":\"SearchAction\",\"target\":{\"@type\":\"EntryPoint\",\"urlTemplate\":\"https:\\\/\\\/glops.ee\\\/wps\\\/ertravesia\\\/?s={search_term_string}\"},\"query-input\":{\"@type\":\"PropertyValueSpecification\",\"valueRequired\":true,\"valueName\":\"search_term_string\"}}],\"inLanguage\":\"es\"}]}<\/script>\n<!-- \/ Yoast SEO plugin. -->","yoast_head_json":{"title":"Acerca de - e-Residency mi traves\u00eda","robots":{"index":"index","follow":"follow","max-snippet":"max-snippet:-1","max-image-preview":"max-image-preview:large","max-video-preview":"max-video-preview:-1"},"canonical":"https:\/\/glops.ee\/wps\/ertravesia\/?page_id=5","og_locale":"es_ES","og_type":"article","og_title":"Acerca de - e-Residency mi traves\u00eda","og_description":"Soy e-Resident desde diciembre de 2019. Mi traves\u00eda empez\u00f3 unos meses antes. Aqu\u00ed os contar\u00e9 mis propias experienc\u00edas, problemas, logros, &#8230; relacionados con la e-Residency y la gesti\u00f3n remota de empresas.","og_url":"https:\/\/glops.ee\/wps\/ertravesia\/?page_id=5","og_site_name":"e-Residency mi traves\u00eda","article_modified_time":"2020-12-24T17:31:31+00:00","twitter_card":"summary_large_image","schema":{"@context":"https:\/\/schema.org","@graph":[{"@type":"WebPage","@id":"https:\/\/glops.ee\/wps\/ertravesia\/?page_id=5","url":"https:\/\/glops.ee\/wps\/ertravesia\/?page_id=5","name":"Acerca de - e-Residency mi traves\u00eda","isPartOf":{"@id":"https:\/\/glops.ee\/wps\/ertravesia\/#website"},"datePublished":"2020-12-24T17:18:33+00:00","dateModified":"2020-12-24T17:31:31+00:00","breadcrumb":{"@id":"https:\/\/glops.ee\/wps\/ertravesia\/?page_id=5#breadcrumb"},"inLanguage":"es","potentialAction":[{"@type":"ReadAction","target":["https:\/\/glops.ee\/wps\/ertravesia\/?page_id=5"]}]},{"@type":"BreadcrumbList","@id":"https:\/\/glops.ee\/wps\/ertravesia\/?page_id=5#breadcrumb","itemListElement":[{"@type":"ListItem","position":1,"name":"Home","item":"https:\/\/glops.ee\/wps\/ertravesia"},{"@type":"ListItem","position":2,"name":"Acerca de"}]},{"@type":"WebSite","@id":"https:\/\/glops.ee\/wps\/ertravesia\/#website","url":"https:\/\/glops.ee\/wps\/ertravesia\/","name":"e-Residency mi traves\u00eda","description":"Sigue mi traves\u00eda","potentialAction":[{"@type":"SearchAction","target":{"@type":"EntryPoint","urlTemplate":"https:\/\/glops.ee\/wps\/ertravesia\/?s={search_term_string}"},"query-input":{"@type":"PropertyValueSpecification","valueRequired":true,"valueName":"search_term_string"}}],"inLanguage":"es"}]}},"jetpack_sharing_enabled":true,"amp_enabled":true,"_links":{"self":[{"href":"https:\/\/glops.ee\/wps\/ertravesia\/index.php?rest_route=\/wp\/v2\/pages\/5","targetHints":{"allow":["GET"]}}],"collection":[{"href":"https:\/\/glops.ee\/wps\/ertravesia\/index.php?rest_route=\/wp\/v2\/pages"}],"about":[{"href":"https:\/\/glops.ee\/wps\/ertravesia\/index.php?rest_route=\/wp\/v2\/types\/page"}],"author":[{"embeddable":true,"href":"https:\/\/glops.ee\/wps\/ertravesia\/index.php?rest_route=\/wp\/v2\/users\/1"}],"replies":[{"embeddable":true,"href":"https:\/\/glops.ee\/wps\/ertravesia\/index.php?rest_route=%2Fwp%2Fv2%2Fcomments&post=5"}],"version-history":[{"count":2,"href":"https:\/\/glops.ee\/wps\/ertravesia\/index.php?rest_route=\/wp\/v2\/pages\/5\/revisions"}],"predecessor-version":[{"id":25,"href":"https:\/\/glops.ee\/wps\/ertravesia\/index.php?rest_route=\/wp\/v2\/pages\/5\/revisions\/25"}],"wp:attachment":[{"href":"https:\/\/glops.ee\/wps\/ertravesia\/index.php?rest_route=%2Fwp%2Fv2%2Fmedia&parent=5"}],"curies":[{"name":"wp","href":"https:\/\/api.w.org\/{rel}","templated":true}]}}