{"id":14,"date":"2020-10-05T17:08:14","date_gmt":"2020-10-05T17:08:14","guid":{"rendered":"https:\/\/spark71.com\/erjourney\/?page_id=14"},"modified":"2023-04-12T18:08:16","modified_gmt":"2023-04-12T18:08:16","slug":"contact","status":"publish","type":"page","link":"https:\/\/glops.ee\/wps\/erjourney\/?page_id=14","title":{"rendered":"Contact"},"content":{"rendered":"\n<p><strong>GLOBALSPARK O\u00dc<\/strong><\/p>\n\n\n\n<p>Pudisoo k\u00fcla, M\u00e4nnim\u00e4e<br>Kuusalu vald<br>74626<br>Estonia<\/p>\n\n\n\n<p>+372 8159 7450<\/p>\n\n\n\n<p><a href=\"https:\/\/erjourney.globalspark.net\">glops.ee\/wps\/erjourney<\/a> \u2013 <a href=\"mailto:info@glops.ee\" target=\"_blank\" rel=\"noreferrer noopener\">info@glops.ee<\/a><\/p>\n","protected":false},"excerpt":{"rendered":"<p>GLOBALSPARK O\u00dc Pudisoo k\u00fcla, M\u00e4nnim\u00e4eKuusalu vald74626Estonia +372 8159 7450 glops.ee\/wps\/erjourney \u2013 info@glops.ee<\/p>\n","protected":false},"author":1,"featured_media":0,"parent":0,"menu_order":0,"comment_status":"closed","ping_status":"closed","template":"","meta":{"om_disable_all_campaigns":false,"_monsterinsights_skip_tracking":false,"_monsterinsights_sitenote_active":false,"_monsterinsights_sitenote_note":"","_monsterinsights_sitenote_category":0,"footnotes":""},"class_list":["post-14","page","type-page","status-publish","hentry"],"yoast_head":"<!-- This site is optimized with the Yoast SEO plugin v27.4 - https:\/\/yoast.com\/product\/yoast-seo-wordpress\/ -->\n<title>Contact - e-Residency Journey<\/title>\n<meta name=\"robots\" content=\"index, follow, max-snippet:-1, max-image-preview:large, max-video-preview:-1\" \/>\n<link rel=\"canonical\" href=\"https:\/\/glops.ee\/wps\/erjourney\/?page_id=14\" \/>\n<meta property=\"og:locale\" content=\"en_US\" \/>\n<meta property=\"og:type\" content=\"article\" \/>\n<meta property=\"og:title\" content=\"Contact - e-Residency Journey\" \/>\n<meta property=\"og:description\" content=\"GLOBALSPARK O\u00dc Pudisoo k\u00fcla, M\u00e4nnim\u00e4eKuusalu vald74626Estonia +372 8159 7450 glops.ee\/wps\/erjourney \u2013 info@glops.ee\" \/>\n<meta property=\"og:url\" content=\"https:\/\/glops.ee\/wps\/erjourney\/?page_id=14\" \/>\n<meta property=\"og:site_name\" content=\"e-Residency Journey\" \/>\n<meta property=\"article:modified_time\" content=\"2023-04-12T18:08:16+00:00\" \/>\n<meta name=\"twitter:card\" content=\"summary_large_image\" \/>\n<meta name=\"twitter:label1\" content=\"Est. reading time\" \/>\n\t<meta name=\"twitter:data1\" content=\"1 minute\" \/>\n<script type=\"application\/ld+json\" class=\"yoast-schema-graph\">{\"@context\":\"https:\\\/\\\/schema.org\",\"@graph\":[{\"@type\":\"WebPage\",\"@id\":\"https:\\\/\\\/glops.ee\\\/wps\\\/erjourney\\\/?page_id=14\",\"url\":\"https:\\\/\\\/glops.ee\\\/wps\\\/erjourney\\\/?page_id=14\",\"name\":\"Contact - e-Residency Journey\",\"isPartOf\":{\"@id\":\"https:\\\/\\\/glops.ee\\\/wps\\\/erjourney\\\/#website\"},\"datePublished\":\"2020-10-05T17:08:14+00:00\",\"dateModified\":\"2023-04-12T18:08:16+00:00\",\"breadcrumb\":{\"@id\":\"https:\\\/\\\/glops.ee\\\/wps\\\/erjourney\\\/?page_id=14#breadcrumb\"},\"inLanguage\":\"en-US\",\"potentialAction\":[{\"@type\":\"ReadAction\",\"target\":[\"https:\\\/\\\/glops.ee\\\/wps\\\/erjourney\\\/?page_id=14\"]}]},{\"@type\":\"BreadcrumbList\",\"@id\":\"https:\\\/\\\/glops.ee\\\/wps\\\/erjourney\\\/?page_id=14#breadcrumb\",\"itemListElement\":[{\"@type\":\"ListItem\",\"position\":1,\"name\":\"Home\",\"item\":\"https:\\\/\\\/glops.ee\\\/wps\\\/erjourney\"},{\"@type\":\"ListItem\",\"position\":2,\"name\":\"Contact\"}]},{\"@type\":\"WebSite\",\"@id\":\"https:\\\/\\\/glops.ee\\\/wps\\\/erjourney\\\/#website\",\"url\":\"https:\\\/\\\/glops.ee\\\/wps\\\/erjourney\\\/\",\"name\":\"e-Residency Journey\",\"description\":\"Follow my journey\",\"potentialAction\":[{\"@type\":\"SearchAction\",\"target\":{\"@type\":\"EntryPoint\",\"urlTemplate\":\"https:\\\/\\\/glops.ee\\\/wps\\\/erjourney\\\/?s={search_term_string}\"},\"query-input\":{\"@type\":\"PropertyValueSpecification\",\"valueRequired\":true,\"valueName\":\"search_term_string\"}}],\"inLanguage\":\"en-US\"}]}<\/script>\n<!-- \/ Yoast SEO plugin. -->","yoast_head_json":{"title":"Contact - e-Residency Journey","robots":{"index":"index","follow":"follow","max-snippet":"max-snippet:-1","max-image-preview":"max-image-preview:large","max-video-preview":"max-video-preview:-1"},"canonical":"https:\/\/glops.ee\/wps\/erjourney\/?page_id=14","og_locale":"en_US","og_type":"article","og_title":"Contact - e-Residency Journey","og_description":"GLOBALSPARK O\u00dc Pudisoo k\u00fcla, M\u00e4nnim\u00e4eKuusalu vald74626Estonia +372 8159 7450 glops.ee\/wps\/erjourney \u2013 info@glops.ee","og_url":"https:\/\/glops.ee\/wps\/erjourney\/?page_id=14","og_site_name":"e-Residency Journey","article_modified_time":"2023-04-12T18:08:16+00:00","twitter_card":"summary_large_image","twitter_misc":{"Est. reading time":"1 minute"},"schema":{"@context":"https:\/\/schema.org","@graph":[{"@type":"WebPage","@id":"https:\/\/glops.ee\/wps\/erjourney\/?page_id=14","url":"https:\/\/glops.ee\/wps\/erjourney\/?page_id=14","name":"Contact - e-Residency Journey","isPartOf":{"@id":"https:\/\/glops.ee\/wps\/erjourney\/#website"},"datePublished":"2020-10-05T17:08:14+00:00","dateModified":"2023-04-12T18:08:16+00:00","breadcrumb":{"@id":"https:\/\/glops.ee\/wps\/erjourney\/?page_id=14#breadcrumb"},"inLanguage":"en-US","potentialAction":[{"@type":"ReadAction","target":["https:\/\/glops.ee\/wps\/erjourney\/?page_id=14"]}]},{"@type":"BreadcrumbList","@id":"https:\/\/glops.ee\/wps\/erjourney\/?page_id=14#breadcrumb","itemListElement":[{"@type":"ListItem","position":1,"name":"Home","item":"https:\/\/glops.ee\/wps\/erjourney"},{"@type":"ListItem","position":2,"name":"Contact"}]},{"@type":"WebSite","@id":"https:\/\/glops.ee\/wps\/erjourney\/#website","url":"https:\/\/glops.ee\/wps\/erjourney\/","name":"e-Residency Journey","description":"Follow my journey","potentialAction":[{"@type":"SearchAction","target":{"@type":"EntryPoint","urlTemplate":"https:\/\/glops.ee\/wps\/erjourney\/?s={search_term_string}"},"query-input":{"@type":"PropertyValueSpecification","valueRequired":true,"valueName":"search_term_string"}}],"inLanguage":"en-US"}]}},"jetpack_sharing_enabled":true,"_links":{"self":[{"href":"https:\/\/glops.ee\/wps\/erjourney\/index.php?rest_route=\/wp\/v2\/pages\/14","targetHints":{"allow":["GET"]}}],"collection":[{"href":"https:\/\/glops.ee\/wps\/erjourney\/index.php?rest_route=\/wp\/v2\/pages"}],"about":[{"href":"https:\/\/glops.ee\/wps\/erjourney\/index.php?rest_route=\/wp\/v2\/types\/page"}],"author":[{"embeddable":true,"href":"https:\/\/glops.ee\/wps\/erjourney\/index.php?rest_route=\/wp\/v2\/users\/1"}],"replies":[{"embeddable":true,"href":"https:\/\/glops.ee\/wps\/erjourney\/index.php?rest_route=%2Fwp%2Fv2%2Fcomments&post=14"}],"version-history":[{"count":4,"href":"https:\/\/glops.ee\/wps\/erjourney\/index.php?rest_route=\/wp\/v2\/pages\/14\/revisions"}],"predecessor-version":[{"id":450,"href":"https:\/\/glops.ee\/wps\/erjourney\/index.php?rest_route=\/wp\/v2\/pages\/14\/revisions\/450"}],"wp:attachment":[{"href":"https:\/\/glops.ee\/wps\/erjourney\/index.php?rest_route=%2Fwp%2Fv2%2Fmedia&parent=14"}],"curies":[{"name":"wp","href":"https:\/\/api.w.org\/{rel}","templated":true}]}}